{"id":8059,"date":"2023-04-11T17:25:48","date_gmt":"2023-04-11T15:25:48","guid":{"rendered":"https:\/\/puertobenalmadena.es\/announcements-and-procedures\/contractor-profile\/disposal\/"},"modified":"2023-06-07T16:01:22","modified_gmt":"2023-06-07T14:01:22","slug":"disposal","status":"publish","type":"page","link":"https:\/\/puertobenalmadena.es\/en\/announcements-and-procedures\/contractor-profile\/disposal\/","title":{"rendered":"Disposal"},"content":{"rendered":"\t\t<div data-elementor-type=\"wp-page\" data-elementor-id=\"8059\" class=\"elementor elementor-8059 elementor-5193\" data-elementor-post-type=\"page\">\n\t\t\t\t<div class=\"has_ae_slider elementor-element elementor-element-35a83d9 e-flex e-con-boxed ae-bg-gallery-type-default e-con e-parent\" data-id=\"35a83d9\" data-element_type=\"container\">\n\t\t\t\t\t<div class=\"e-con-inner\">\n\t\t\t\t<div class=\"elementor-element elementor-element-a8f27f7 elementor-nav-menu__align-justify pdb_pc_menu elementor-nav-menu--dropdown-tablet elementor-nav-menu__text-align-aside elementor-nav-menu--toggle elementor-nav-menu--burger elementor-widget elementor-widget-global elementor-global-5216 elementor-widget-nav-menu\" data-id=\"a8f27f7\" data-element_type=\"widget\" id=\"pdb_pc_menu\" data-settings=\"{&quot;layout&quot;:&quot;horizontal&quot;,&quot;submenu_icon&quot;:{&quot;value&quot;:&quot;fas fa-caret-down&quot;,&quot;library&quot;:&quot;fa-solid&quot;},&quot;toggle&quot;:&quot;burger&quot;}\" data-widget_type=\"nav-menu.default\">\n\t\t\t\t<div class=\"elementor-widget-container\">\n\t\t\t<link rel=\"stylesheet\" href=\"https:\/\/puertobenalmadena.es\/wp-content\/plugins\/elementor-pro\/assets\/css\/widget-nav-menu.min.css\">\t\t\t<nav class=\"elementor-nav-menu--main elementor-nav-menu__container elementor-nav-menu--layout-horizontal e--pointer-background e--animation-fade\">\n\t\t\t\t<ul id=\"menu-1-a8f27f7\" class=\"elementor-nav-menu\"><li class=\"menu-item menu-item-type-post_type menu-item-object-page menu-item-8082\"><a href=\"https:\/\/puertobenalmadena.es\/en\/announcements-and-procedures\/contractor-profile\/\" class=\"elementor-item\">Contractor profile<\/a><\/li>\n<li class=\"menu-item menu-item-type-post_type menu-item-object-page menu-item-8083\"><a href=\"https:\/\/puertobenalmadena.es\/en\/announcements-and-procedures\/contractor-profile\/works\/\" class=\"elementor-item\">Works<\/a><\/li>\n<li class=\"menu-item menu-item-type-post_type menu-item-object-page menu-item-8084\"><a href=\"https:\/\/puertobenalmadena.es\/en\/announcements-and-procedures\/contractor-profile\/services\/\" class=\"elementor-item\">Services<\/a><\/li>\n<li class=\"menu-item menu-item-type-post_type menu-item-object-page menu-item-8085\"><a href=\"https:\/\/puertobenalmadena.es\/en\/announcements-and-procedures\/contractor-profile\/supplies\/\" class=\"elementor-item\">Supplies<\/a><\/li>\n<li class=\"menu-item menu-item-type-post_type menu-item-object-page menu-item-8086\"><a href=\"https:\/\/puertobenalmadena.es\/en\/announcements-and-procedures\/contractor-profile\/disposal\/\" class=\"elementor-item\">Disposal<\/a><\/li>\n<\/ul>\t\t\t<\/nav>\n\t\t\t\t\t<div class=\"elementor-menu-toggle\" role=\"button\" tabindex=\"0\" aria-label=\"Menu Toggle\" aria-expanded=\"false\">\n\t\t\t<svg aria-hidden=\"true\" role=\"presentation\" class=\"elementor-menu-toggle__icon--open e-font-icon-svg e-eicon-menu-bar\" viewBox=\"0 0 1000 1000\" xmlns=\"http:\/\/www.w3.org\/2000\/svg\"><path d=\"M104 333H896C929 333 958 304 958 271S929 208 896 208H104C71 208 42 237 42 271S71 333 104 333ZM104 583H896C929 583 958 554 958 521S929 458 896 458H104C71 458 42 487 42 521S71 583 104 583ZM104 833H896C929 833 958 804 958 771S929 708 896 708H104C71 708 42 737 42 771S71 833 104 833Z\"><\/path><\/svg><svg aria-hidden=\"true\" role=\"presentation\" class=\"elementor-menu-toggle__icon--close e-font-icon-svg e-eicon-close\" viewBox=\"0 0 1000 1000\" xmlns=\"http:\/\/www.w3.org\/2000\/svg\"><path d=\"M742 167L500 408 258 167C246 154 233 150 217 150 196 150 179 158 167 167 154 179 150 196 150 212 150 229 154 242 171 254L408 500 167 742C138 771 138 800 167 829 196 858 225 858 254 829L496 587 738 829C750 842 767 846 783 846 800 846 817 842 829 829 842 817 846 804 846 783 846 767 842 750 829 737L588 500 833 258C863 229 863 200 833 171 804 137 775 137 742 167Z\"><\/path><\/svg>\t\t\t<span class=\"elementor-screen-only\">Menu<\/span>\n\t\t<\/div>\n\t\t\t\t\t<nav class=\"elementor-nav-menu--dropdown elementor-nav-menu__container\" aria-hidden=\"true\">\n\t\t\t\t<ul id=\"menu-2-a8f27f7\" class=\"elementor-nav-menu\"><li class=\"menu-item menu-item-type-post_type menu-item-object-page menu-item-8082\"><a href=\"https:\/\/puertobenalmadena.es\/en\/announcements-and-procedures\/contractor-profile\/\" class=\"elementor-item\" tabindex=\"-1\">Contractor profile<\/a><\/li>\n<li class=\"menu-item menu-item-type-post_type menu-item-object-page menu-item-8083\"><a href=\"https:\/\/puertobenalmadena.es\/en\/announcements-and-procedures\/contractor-profile\/works\/\" class=\"elementor-item\" tabindex=\"-1\">Works<\/a><\/li>\n<li class=\"menu-item menu-item-type-post_type menu-item-object-page menu-item-8084\"><a href=\"https:\/\/puertobenalmadena.es\/en\/announcements-and-procedures\/contractor-profile\/services\/\" class=\"elementor-item\" tabindex=\"-1\">Services<\/a><\/li>\n<li class=\"menu-item menu-item-type-post_type menu-item-object-page menu-item-8085\"><a href=\"https:\/\/puertobenalmadena.es\/en\/announcements-and-procedures\/contractor-profile\/supplies\/\" class=\"elementor-item\" tabindex=\"-1\">Supplies<\/a><\/li>\n<li class=\"menu-item menu-item-type-post_type menu-item-object-page menu-item-8086\"><a href=\"https:\/\/puertobenalmadena.es\/en\/announcements-and-procedures\/contractor-profile\/disposal\/\" class=\"elementor-item\" tabindex=\"-1\">Disposal<\/a><\/li>\n<\/ul>\t\t\t<\/nav>\n\t\t\t\t<\/div>\n\t\t\t\t<\/div>\n\t\t\t\t<div class=\"elementor-element elementor-element-43dc35b elementor-grid-1 elementor-grid-tablet-2 elementor-grid-mobile-1 elementor-widget elementor-widget-loop-grid\" data-id=\"43dc35b\" data-element_type=\"widget\" data-settings=\"{&quot;template_id&quot;:8144,&quot;columns&quot;:1,&quot;pagination_type&quot;:&quot;numbers_and_prev_next&quot;,&quot;_skin&quot;:&quot;post&quot;,&quot;columns_tablet&quot;:&quot;2&quot;,&quot;columns_mobile&quot;:&quot;1&quot;,&quot;edit_handle_selector&quot;:&quot;[data-elementor-type=\\&quot;loop-item\\&quot;]&quot;,&quot;pagination_load_type&quot;:&quot;page_reload&quot;,&quot;row_gap&quot;:{&quot;unit&quot;:&quot;px&quot;,&quot;size&quot;:&quot;&quot;,&quot;sizes&quot;:[]},&quot;row_gap_tablet&quot;:{&quot;unit&quot;:&quot;px&quot;,&quot;size&quot;:&quot;&quot;,&quot;sizes&quot;:[]},&quot;row_gap_mobile&quot;:{&quot;unit&quot;:&quot;px&quot;,&quot;size&quot;:&quot;&quot;,&quot;sizes&quot;:[]}}\" data-widget_type=\"loop-grid.post\">\n\t\t\t\t<div class=\"elementor-widget-container\">\n\t\t\t<link rel=\"stylesheet\" href=\"https:\/\/puertobenalmadena.es\/wp-content\/plugins\/elementor-pro\/assets\/css\/widget-loop-builder.min.css\">\t\t<div class=\"elementor-loop-container elementor-grid\">\n\t\t<style id=\"loop-8144\">.elementor-8144 .elementor-element.elementor-element-2a57761{--display:flex;--background-transition:0.3s;}.elementor-8144 .elementor-element.elementor-element-ac49942{--display:flex;--flex-direction:row;--container-widget-width:initial;--container-widget-height:100%;--container-widget-flex-grow:1;--container-widget-align-self:stretch;--flex-wrap-mobile:wrap;--justify-content:space-between;--flex-wrap:wrap;--background-transition:0.3s;border-style:solid;--border-style:solid;border-width:1px 1px 1px 1px;--border-top-width:1px;--border-right-width:1px;--border-bottom-width:1px;--border-left-width:1px;--border-radius:10px 10px 10px 10px;--padding-top:10px;--padding-bottom:10px;--padding-left:10px;--padding-right:10px;}.elementor-8144 .elementor-element.elementor-element-ac49942, .elementor-8144 .elementor-element.elementor-element-ac49942::before{--border-transition:0.3s;}.elementor-8144 .elementor-element.elementor-element-80224b3{--display:grid;--e-con-grid-template-columns:repeat(2, 1fr);--e-con-grid-template-rows:repeat(1, 1fr);--grid-auto-flow:row;--background-transition:0.3s;}.elementor-8144 .elementor-element.elementor-element-af771ec{--display:flex;--background-transition:0.3s;}.elementor-8144 .elementor-element.elementor-element-febcba3 .elementor-icon-list-icon i{transition:color 0.3s;}.elementor-8144 .elementor-element.elementor-element-febcba3 .elementor-icon-list-icon svg{transition:fill 0.3s;}.elementor-8144 .elementor-element.elementor-element-febcba3{--e-icon-list-icon-size:14px;--icon-vertical-offset:0px;}.elementor-8144 .elementor-element.elementor-element-febcba3 .elementor-icon-list-text{transition:color 0.3s;}.elementor-8144 .elementor-element.elementor-element-8f862ad{--display:flex;--background-transition:0.3s;}.elementor-8144 .elementor-element.elementor-element-7806050{--display:flex;--background-transition:0.3s;}.elementor-8144 .elementor-element.elementor-element-7806050.e-con{--flex-grow:1;--flex-shrink:0;}.elementor-8144 .elementor-element.elementor-element-d4319c4 .ae-acf-repeater-item{width:calc(100%\/2);margin-bottom:0px;}.elementor-8144 .elementor-element.elementor-element-d4319c4.ae-acf-repeater-layout-grid .ae-acf-repeater-item{padding-left:10px;padding-right:10px;}.elementor-8144 .elementor-element.elementor-element-d4319c4 .ae-widget-title-wrap{text-align:left;}.elementor-8144 .elementor-element.elementor-element-d4319c4 .ae-widget-title-inner{border-style:solid;border-width:0px 0px 1px 0px;padding:0px 10px 5px 10px;margin:0px 0px 10px 0px;}.elementor-8144 .elementor-element.elementor-element-d4319c4 > .elementor-widget-container{margin:0px 0px 0px 0px;}@media(max-width:1024px){.elementor-8144 .elementor-element.elementor-element-80224b3{--grid-auto-flow:row;}.elementor-8144 .elementor-element.elementor-element-d4319c4 .ae-acf-repeater-item{width:calc(100%\/2);}}@media(max-width:767px){.elementor-8144 .elementor-element.elementor-element-80224b3{--e-con-grid-template-columns:repeat(1, 1fr);--grid-auto-flow:row;}.elementor-8144 .elementor-element.elementor-element-d4319c4 .ae-acf-repeater-item{width:calc(100%\/1);}}<\/style>\t\t<div data-elementor-type=\"loop-item\" data-elementor-id=\"8144\" class=\"elementor elementor-8144 elementor-3700 e-loop-item e-loop-item-3665 post-3665 tramites type-tramites status-publish hentry categorias_tramites-enajenaciones categorias_tramites-obras\" data-elementor-post-type=\"elementor_library\" data-custom-edit-handle=\"1\">\n\t\t\t\t\t<div class=\"elementor-section-wrap\">\n\t\t\t\t\t\t<div class=\"has_ae_slider elementor-element elementor-element-2a57761 e-flex e-con-boxed ae-bg-gallery-type-default e-con e-parent\" data-id=\"2a57761\" data-element_type=\"container\">\n\t\t\t\t\t<div class=\"e-con-inner\">\n\t\t\t\t<div class=\"elementor-element elementor-element-996ff1a elementor-widget elementor-widget-theme-post-title elementor-page-title elementor-widget-heading\" data-id=\"996ff1a\" data-element_type=\"widget\" data-widget_type=\"theme-post-title.default\">\n\t\t\t\t<div class=\"elementor-widget-container\">\n\t\t\t<style>\/*! elementor - v3.23.0 - 05-08-2024 *\/\n.elementor-heading-title{padding:0;margin:0;line-height:1}.elementor-widget-heading .elementor-heading-title[class*=elementor-size-]>a{color:inherit;font-size:inherit;line-height:inherit}.elementor-widget-heading .elementor-heading-title.elementor-size-small{font-size:15px}.elementor-widget-heading .elementor-heading-title.elementor-size-medium{font-size:19px}.elementor-widget-heading .elementor-heading-title.elementor-size-large{font-size:29px}.elementor-widget-heading .elementor-heading-title.elementor-size-xl{font-size:39px}.elementor-widget-heading .elementor-heading-title.elementor-size-xxl{font-size:59px}<\/style><h3 class=\"elementor-heading-title elementor-size-medium\"><a href=\"https:\/\/puertobenalmadena.es\/en\/tramites\/enajenacion-mediante-subasta-publica-de-la-embarcacion-la-morena\/\">Enajenaci\u00f3n mediante subasta p\u00fablica de la embarcaci\u00f3n La Morena<\/a><\/h3>\t\t<\/div>\n\t\t\t\t<\/div>\n\t\t<div class=\"has_ae_slider elementor-element elementor-element-ac49942 e-flex e-con-boxed ae-bg-gallery-type-default e-con e-parent\" data-id=\"ac49942\" data-element_type=\"container\">\n\t\t\t\t\t<div class=\"e-con-inner\">\n\t\t<div class=\"has_ae_slider elementor-element elementor-element-80224b3 e-grid e-con-boxed ae-bg-gallery-type-default e-con e-parent\" data-id=\"80224b3\" data-element_type=\"container\">\n\t\t\t\t\t<div class=\"e-con-inner\">\n\t\t<div class=\"has_ae_slider elementor-element elementor-element-af771ec e-con-full e-flex ae-bg-gallery-type-default e-con e-parent\" data-id=\"af771ec\" data-element_type=\"container\">\n\t\t\t\t<div class=\"elementor-element elementor-element-4dae144 elementor-widget elementor-widget-heading\" data-id=\"4dae144\" data-element_type=\"widget\" data-widget_type=\"heading.default\">\n\t\t\t\t<div class=\"elementor-widget-container\">\n\t\t\t<h5 class=\"elementor-heading-title elementor-size-medium\">Bidding details<\/h5>\t\t<\/div>\n\t\t\t\t<\/div>\n\t\t\t\t<div class=\"elementor-element elementor-element-febcba3 elementor-icon-list--layout-traditional elementor-list-item-link-full_width elementor-widget elementor-widget-icon-list\" data-id=\"febcba3\" data-element_type=\"widget\" data-widget_type=\"icon-list.default\">\n\t\t\t\t<div class=\"elementor-widget-container\">\n\t\t\t<link rel=\"stylesheet\" href=\"https:\/\/puertobenalmadena.es\/wp-content\/plugins\/elementor\/assets\/css\/widget-icon-list.min.css\">\t\t<ul class=\"elementor-icon-list-items\">\n\t\t\t\t\t\t\t<li class=\"elementor-icon-list-item\">\n\t\t\t\t\t\t\t\t\t\t\t<span class=\"elementor-icon-list-icon\">\n\t\t\t\t\t\t\t<svg aria-hidden=\"true\" class=\"e-font-icon-svg e-fas-arrow-right\" viewBox=\"0 0 448 512\" xmlns=\"http:\/\/www.w3.org\/2000\/svg\"><path d=\"M190.5 66.9l22.2-22.2c9.4-9.4 24.6-9.4 33.9 0L441 239c9.4 9.4 9.4 24.6 0 33.9L246.6 467.3c-9.4 9.4-24.6 9.4-33.9 0l-22.2-22.2c-9.5-9.5-9.3-25 .4-34.3L311.4 296H24c-13.3 0-24-10.7-24-24v-32c0-13.3 10.7-24 24-24h287.4L190.9 101.2c-9.8-9.3-10-24.8-.4-34.3z\"><\/path><\/svg>\t\t\t\t\t\t<\/span>\n\t\t\t\t\t\t\t\t\t\t<span class=\"elementor-icon-list-text\">File:E001\/2021<\/span>\n\t\t\t\t\t\t\t\t\t<\/li>\n\t\t\t\t\t\t\t\t<li class=\"elementor-icon-list-item\">\n\t\t\t\t\t\t\t\t\t\t\t<span class=\"elementor-icon-list-icon\">\n\t\t\t\t\t\t\t<svg aria-hidden=\"true\" class=\"e-font-icon-svg e-fas-arrow-right\" viewBox=\"0 0 448 512\" xmlns=\"http:\/\/www.w3.org\/2000\/svg\"><path d=\"M190.5 66.9l22.2-22.2c9.4-9.4 24.6-9.4 33.9 0L441 239c9.4 9.4 9.4 24.6 0 33.9L246.6 467.3c-9.4 9.4-24.6 9.4-33.9 0l-22.2-22.2c-9.5-9.5-9.3-25 .4-34.3L311.4 296H24c-13.3 0-24-10.7-24-24v-32c0-13.3 10.7-24 24-24h287.4L190.9 101.2c-9.8-9.3-10-24.8-.4-34.3z\"><\/path><\/svg>\t\t\t\t\t\t<\/span>\n\t\t\t\t\t\t\t\t\t\t<span class=\"elementor-icon-list-text\">Publication date: 13\/08\/2021<\/span>\n\t\t\t\t\t\t\t\t\t<\/li>\n\t\t\t\t\t\t\t\t<li class=\"elementor-icon-list-item\">\n\t\t\t\t\t\t\t\t\t\t\t<span class=\"elementor-icon-list-icon\">\n\t\t\t\t\t\t\t<svg aria-hidden=\"true\" class=\"e-font-icon-svg e-fas-arrow-right\" viewBox=\"0 0 448 512\" xmlns=\"http:\/\/www.w3.org\/2000\/svg\"><path d=\"M190.5 66.9l22.2-22.2c9.4-9.4 24.6-9.4 33.9 0L441 239c9.4 9.4 9.4 24.6 0 33.9L246.6 467.3c-9.4 9.4-24.6 9.4-33.9 0l-22.2-22.2c-9.5-9.5-9.3-25 .4-34.3L311.4 296H24c-13.3 0-24-10.7-24-24v-32c0-13.3 10.7-24 24-24h287.4L190.9 101.2c-9.8-9.3-10-24.8-.4-34.3z\"><\/path><\/svg>\t\t\t\t\t\t<\/span>\n\t\t\t\t\t\t\t\t\t\t<span class=\"elementor-icon-list-text\">Contracting entity:Puerto Deportivo de Benalm\u00e1dena<\/span>\n\t\t\t\t\t\t\t\t\t<\/li>\n\t\t\t\t\t\t\t\t<li class=\"elementor-icon-list-item\">\n\t\t\t\t\t\t\t\t\t\t\t<span class=\"elementor-icon-list-icon\">\n\t\t\t\t\t\t\t<svg aria-hidden=\"true\" class=\"e-font-icon-svg e-fas-arrow-right\" viewBox=\"0 0 448 512\" xmlns=\"http:\/\/www.w3.org\/2000\/svg\"><path d=\"M190.5 66.9l22.2-22.2c9.4-9.4 24.6-9.4 33.9 0L441 239c9.4 9.4 9.4 24.6 0 33.9L246.6 467.3c-9.4 9.4-24.6 9.4-33.9 0l-22.2-22.2c-9.5-9.5-9.3-25 .4-34.3L311.4 296H24c-13.3 0-24-10.7-24-24v-32c0-13.3 10.7-24 24-24h287.4L190.9 101.2c-9.8-9.3-10-24.8-.4-34.3z\"><\/path><\/svg>\t\t\t\t\t\t<\/span>\n\t\t\t\t\t\t\t\t\t\t<span class=\"elementor-icon-list-text\">Type: <span>Enajenaciones<\/span>, <span>Obras<\/span><\/span>\n\t\t\t\t\t\t\t\t\t<\/li>\n\t\t\t\t\t\t\t\t<li class=\"elementor-icon-list-item\">\n\t\t\t\t\t\t\t\t\t\t\t<span class=\"elementor-icon-list-icon\">\n\t\t\t\t\t\t\t<svg aria-hidden=\"true\" class=\"e-font-icon-svg e-fas-arrow-right\" viewBox=\"0 0 448 512\" xmlns=\"http:\/\/www.w3.org\/2000\/svg\"><path d=\"M190.5 66.9l22.2-22.2c9.4-9.4 24.6-9.4 33.9 0L441 239c9.4 9.4 9.4 24.6 0 33.9L246.6 467.3c-9.4 9.4-24.6 9.4-33.9 0l-22.2-22.2c-9.5-9.5-9.3-25 .4-34.3L311.4 296H24c-13.3 0-24-10.7-24-24v-32c0-13.3 10.7-24 24-24h287.4L190.9 101.2c-9.8-9.3-10-24.8-.4-34.3z\"><\/path><\/svg>\t\t\t\t\t\t<\/span>\n\t\t\t\t\t\t\t\t\t\t<span class=\"elementor-icon-list-text\">Submission of offers: Until 12\/10\/2021 9:00 am<\/span>\n\t\t\t\t\t\t\t\t\t<\/li>\n\t\t\t\t\t\t\t\t<li class=\"elementor-icon-list-item\">\n\t\t\t\t\t\t\t\t\t\t\t<span class=\"elementor-icon-list-icon\">\n\t\t\t\t\t\t\t<svg aria-hidden=\"true\" class=\"e-font-icon-svg e-fas-arrow-right\" viewBox=\"0 0 448 512\" xmlns=\"http:\/\/www.w3.org\/2000\/svg\"><path d=\"M190.5 66.9l22.2-22.2c9.4-9.4 24.6-9.4 33.9 0L441 239c9.4 9.4 9.4 24.6 0 33.9L246.6 467.3c-9.4 9.4-24.6 9.4-33.9 0l-22.2-22.2c-9.5-9.5-9.3-25 .4-34.3L311.4 296H24c-13.3 0-24-10.7-24-24v-32c0-13.3 10.7-24 24-24h287.4L190.9 101.2c-9.8-9.3-10-24.8-.4-34.3z\"><\/path><\/svg>\t\t\t\t\t\t<\/span>\n\t\t\t\t\t\t\t\t\t\t<span class=\"elementor-icon-list-text\">Amount: 152.193 &euro;<\/span>\n\t\t\t\t\t\t\t\t\t<\/li>\n\t\t\t\t\t\t<\/ul>\n\t\t\t\t<\/div>\n\t\t\t\t<\/div>\n\t\t\t\t<\/div>\n\t\t<div class=\"has_ae_slider elementor-element elementor-element-8f862ad e-con-full e-flex ae-bg-gallery-type-default e-con e-parent\" data-id=\"8f862ad\" data-element_type=\"container\">\n\t\t\t\t<div class=\"elementor-element elementor-element-94af448 elementor-widget elementor-widget-heading\" data-id=\"94af448\" data-element_type=\"widget\" data-widget_type=\"heading.default\">\n\t\t\t\t<div class=\"elementor-widget-container\">\n\t\t\t<h5 class=\"elementor-heading-title elementor-size-medium\">Description<\/h5>\t\t<\/div>\n\t\t\t\t<\/div>\n\t\t\t\t<div class=\"elementor-element elementor-element-c27298d elementor-widget elementor-widget-theme-post-content\" data-id=\"c27298d\" data-element_type=\"widget\" data-widget_type=\"theme-post-content.default\">\n\t\t\t\t<div class=\"elementor-widget-container\">\n\t\t\t<p>Enajenaci\u00f3n mediante subasta p\u00fablica de la embarcaci\u00f3n &#8216;La Morena&#8217;<\/p>\n\t\t<\/div>\n\t\t\t\t<\/div>\n\t\t\t\t<\/div>\n\t\t\t\t\t<\/div>\n\t\t\t\t<\/div>\n\t\t<div class=\"has_ae_slider elementor-element elementor-element-7806050 e-flex e-con-boxed ae-bg-gallery-type-default e-con e-parent\" data-id=\"7806050\" data-element_type=\"container\">\n\t\t\t\t\t<div class=\"e-con-inner\">\n\t\t\t\t<div class=\"elementor-element elementor-element-049e726 elementor-widget elementor-widget-heading\" data-id=\"049e726\" data-element_type=\"widget\" data-widget_type=\"heading.default\">\n\t\t\t\t<div class=\"elementor-widget-container\">\n\t\t\t<h5 class=\"elementor-heading-title elementor-size-medium\">Files<\/h5>\t\t<\/div>\n\t\t\t\t<\/div>\n\t\t\t\t<div class=\"elementor-element elementor-element-d4319c4 ae-acf-repeater-layout-grid elementor-widget elementor-widget-ae-acf-repeater\" data-id=\"d4319c4\" data-element_type=\"widget\" data-widget_type=\"ae-acf-repeater.default\">\n\t\t\t\t<div class=\"elementor-widget-container\">\n\t\t\t\t\t\t\t<\/div>\n\t\t\t\t<\/div>\n\t\t\t\t\t<\/div>\n\t\t\t\t<\/div>\n\t\t\t\t\t<\/div>\n\t\t\t\t<\/div>\n\t\t\t\t\t<\/div>\n\t\t\t\t<\/div>\n\t\t\t\t\t\t\t<\/div>\n\t\t\t\t<\/div>\n\t\t\t\t<\/div>\n\t\t\n\t\t\t\t<\/div>\n\t\t\t\t<\/div>\n\t\t\t\t\t<\/div>\n\t\t\t\t<\/div>\n\t\t\t\t<\/div>\n\t\t","protected":false},"excerpt":{"rendered":"","protected":false},"author":4,"featured_media":0,"parent":8057,"menu_order":0,"comment_status":"closed","ping_status":"closed","template":"","meta":{"_seopress_robots_primary_cat":"","_seopress_titles_title":"","_seopress_titles_desc":"","_seopress_robots_index":"","footnotes":""},"class_list":["post-8059","page","type-page","status-publish","hentry"],"acf":[],"_links":{"self":[{"href":"https:\/\/puertobenalmadena.es\/en\/wp-json\/wp\/v2\/pages\/8059","targetHints":{"allow":["GET"]}}],"collection":[{"href":"https:\/\/puertobenalmadena.es\/en\/wp-json\/wp\/v2\/pages"}],"about":[{"href":"https:\/\/puertobenalmadena.es\/en\/wp-json\/wp\/v2\/types\/page"}],"author":[{"embeddable":true,"href":"https:\/\/puertobenalmadena.es\/en\/wp-json\/wp\/v2\/users\/4"}],"replies":[{"embeddable":true,"href":"https:\/\/puertobenalmadena.es\/en\/wp-json\/wp\/v2\/comments?post=8059"}],"version-history":[{"count":0,"href":"https:\/\/puertobenalmadena.es\/en\/wp-json\/wp\/v2\/pages\/8059\/revisions"}],"up":[{"embeddable":true,"href":"https:\/\/puertobenalmadena.es\/en\/wp-json\/wp\/v2\/pages\/8057"}],"wp:attachment":[{"href":"https:\/\/puertobenalmadena.es\/en\/wp-json\/wp\/v2\/media?parent=8059"}],"curies":[{"name":"wp","href":"https:\/\/api.w.org\/{rel}","templated":true}]}}